{"id":15,"date":"2026-04-19T12:20:50","date_gmt":"2026-04-19T12:20:50","guid":{"rendered":"https:\/\/nuppuosk.com\/?page_id=15"},"modified":"2026-04-23T15:01:14","modified_gmt":"2026-04-23T15:01:14","slug":"home","status":"publish","type":"page","link":"https:\/\/nuppuosk.com\/","title":{"rendered":"Home"},"content":{"rendered":"\n<div class=\"wp-block-cover alignfull is-light hestia-clear-top-padding\" style=\"min-height:517px;aspect-ratio:unset;\"><span aria-hidden=\"true\" class=\"wp-block-cover__background has-white-background-color has-background-dim-100 has-background-dim\"><\/span><div class=\"wp-block-cover__inner-container is-layout-flow wp-block-cover-is-layout-flow\">\n<h2 class=\"wp-block-heading has-text-align-center has-text-color\" style=\"color:#3c4858\">Tiedot<\/h2>\n\n\n\n<div style=\"height:40px\" aria-hidden=\"true\" class=\"wp-block-spacer\"><\/div>\n\n\n\n<div class=\"wp-block-columns container is-layout-flex wp-container-core-columns-is-layout-28f84493 wp-block-columns-is-layout-flex\">\n<div class=\"wp-block-column is-layout-flow wp-block-column-is-layout-flow\">\n<p class=\"has-text-align-center has-text-color\" style=\"color:#999999;font-size:14px\">Kahvila sai alkunsa kes\u00e4ll\u00e4 2025 Pirkanmaan hyvinvointialueen ja Tampereen ammattikorkeakoulun v\u00e4lisest\u00e4 yhteisty\u00f6 sopimuksesta. Tarkoituksena oli luoda paikka, jossa Restonomi opiskelijat voisivat harjoittaa yritystoimintaa kevyell\u00e4 kynnyksell\u00e4 ja suorittaa samalla opintoihin kuuluvia tutkinnonosia.<\/p>\n\n\n\n<p class=\"has-text-align-center has-text-color\" style=\"color:#999999;font-size:14px\">Tampereen restonomi opiskelijat osuuskunta vastaa siis t\u00e4m\u00e4n hetkisest\u00e4 kahvila toiminnasta Koukkuniemen alueella. Tuotteita he leipovat ammattitaidon avulla kahvilaan itse. Heilt\u00e4 voi my\u00f6s tilata leivonnaisia ja cateringpalveluita tuleviin juhliin.<\/p>\n\n\n\n<div style=\"height:25px\" aria-hidden=\"true\" class=\"wp-block-spacer\"><\/div>\n<\/div>\n<\/div>\n\n\n\n<div style=\"height:40px\" aria-hidden=\"true\" class=\"wp-block-spacer\"><\/div>\n<\/div><\/div>\n\n\n\n<div class=\"wp-block-columns container is-layout-flex wp-container-core-columns-is-layout-28f84493 wp-block-columns-is-layout-flex\">\n<div class=\"wp-block-column col-md-5 is-layout-flow wp-block-column-is-layout-flow\">\n<div style=\"height:55px\" aria-hidden=\"true\" class=\"wp-block-spacer\"><\/div>\n\n\n\n<h2 class=\"wp-block-heading\">Kahvilan sijainti kartalla<\/h2>\n\n\n\n<p><\/p>\n<\/div>\n<\/div>\n\n\n<div style=\"height:400pxpx;\" class=\"wp-block-themeisle-blocks-leaflet-map\" id=\"wp-block-themeisle-blocks-leaflet-map-dc44f8b8\"><\/div>\n<script type=\"text\/javascript\">\n\t\/* <![CDATA[ *\/\n\t\tif ( ! window.themeisleLeafletMaps ) window.themeisleLeafletMaps =[];\n\t\twindow.themeisleLeafletMaps.push( { container: \"wp-block-themeisle-blocks-leaflet-map-dc44f8b8\", attributes: {\"id\":\"wp-block-themeisle-blocks-leaflet-map-dc44f8b8\",\"latitude\":\"61.51275881823291\",\"longitude\":\"23.77741813659668\",\"bbox\":\"23.772912025451664,61.511735349713696,23.781924247741703,61.513782253063894\",\"zoom\":17,\"markers\":[{\"id\":\"b5f81809-45bf-4012-a68a-18cd696e9ea0\",\"latitude\":61.51279975627297,\"longitude\":23.778533935546875,\"title\":\"Kahvila nuppu\",\"description\":\"<p>Ahlgrenin Puistokuja 2, 33180 Tampere<\\\/p>\"}],\"location\":\"La Sagrada Familia, Barcelona, Spain\",\"height\":\"400px\",\"zoomControl\":true,\"draggable\":true,\"hasCustomCSS\":false,\"customCSS\":\"\",\"otterConditions\":[]} } );\n\t\/* ]]> *\/\n<\/script>\n\n\n\n<p><\/p>\n\n\n","protected":false},"excerpt":{"rendered":"<p>Kahvilan sijainti kartalla<\/p>\n","protected":false},"author":1,"featured_media":87,"parent":0,"menu_order":0,"comment_status":"closed","ping_status":"closed","template":"","meta":{"om_disable_all_campaigns":false,"_monsterinsights_skip_tracking":false,"_monsterinsights_sitenote_active":false,"_monsterinsights_sitenote_note":"","_monsterinsights_sitenote_category":0,"_themeisle_gutenberg_block_has_review":false,"footnotes":""},"class_list":["post-15","page","type-page","status-publish","has-post-thumbnail","hentry"],"aioseo_notices":[],"_links":{"self":[{"href":"https:\/\/nuppuosk.com\/index.php?rest_route=\/wp\/v2\/pages\/15","targetHints":{"allow":["GET"]}}],"collection":[{"href":"https:\/\/nuppuosk.com\/index.php?rest_route=\/wp\/v2\/pages"}],"about":[{"href":"https:\/\/nuppuosk.com\/index.php?rest_route=\/wp\/v2\/types\/page"}],"author":[{"embeddable":true,"href":"https:\/\/nuppuosk.com\/index.php?rest_route=\/wp\/v2\/users\/1"}],"replies":[{"embeddable":true,"href":"https:\/\/nuppuosk.com\/index.php?rest_route=%2Fwp%2Fv2%2Fcomments&post=15"}],"version-history":[{"count":21,"href":"https:\/\/nuppuosk.com\/index.php?rest_route=\/wp\/v2\/pages\/15\/revisions"}],"predecessor-version":[{"id":128,"href":"https:\/\/nuppuosk.com\/index.php?rest_route=\/wp\/v2\/pages\/15\/revisions\/128"}],"wp:featuredmedia":[{"embeddable":true,"href":"https:\/\/nuppuosk.com\/index.php?rest_route=\/wp\/v2\/media\/87"}],"wp:attachment":[{"href":"https:\/\/nuppuosk.com\/index.php?rest_route=%2Fwp%2Fv2%2Fmedia&parent=15"}],"curies":[{"name":"wp","href":"https:\/\/api.w.org\/{rel}","templated":true}]}}